{"id":5011,"date":"2021-03-28T18:08:38","date_gmt":"2021-03-28T21:08:38","guid":{"rendered":"https:\/\/www.tehagolapega.cl\/?page_id=5011"},"modified":"2024-04-11T17:23:30","modified_gmt":"2024-04-11T20:23:30","slug":"ingresa-tu-cv","status":"publish","type":"page","link":"https:\/\/www.tehagolapega.cl\/web\/ingresa-tu-cv\/","title":{"rendered":"Ingresa tus Servicios"},"content":{"rendered":"\t\t<div data-elementor-type=\"wp-page\" data-elementor-id=\"5011\" class=\"elementor elementor-5011\">\n\t\t\t\t<div class=\"elementor-element elementor-element-a090a57 e-flex e-con-boxed e-con e-parent\" data-id=\"a090a57\" data-element_type=\"container\" data-core-v316-plus=\"true\">\n\t\t\t\t\t<div class=\"e-con-inner\">\n\t\t\t\t<div class=\"elementor-element elementor-element-b50b168 elementor-widget elementor-widget-shortcode\" data-id=\"b50b168\" data-element_type=\"widget\" data-widget_type=\"shortcode.default\">\n\t\t\t\t<div class=\"elementor-widget-container\">\n\t\t\t\t\t<div class=\"elementor-shortcode\">\n<div class=\"wpcf7 no-js\" id=\"wpcf7-f5010-o1\" lang=\"es-ES\" dir=\"ltr\">\n<div class=\"screen-reader-response\"><p role=\"status\" aria-live=\"polite\" aria-atomic=\"true\"><\/p> <ul><\/ul><\/div>\n<form action=\"\/web\/wp-json\/wp\/v2\/pages\/5011#wpcf7-f5010-o1\" method=\"post\" class=\"wpcf7-form init\" aria-label=\"Formulario de contacto\" enctype=\"multipart\/form-data\" novalidate=\"novalidate\" data-status=\"init\">\n<div style=\"display: none;\">\n<input type=\"hidden\" name=\"_wpcf7\" value=\"5010\" \/>\n<input type=\"hidden\" name=\"_wpcf7_version\" value=\"5.9.3\" \/>\n<input type=\"hidden\" name=\"_wpcf7_locale\" value=\"es_ES\" \/>\n<input type=\"hidden\" name=\"_wpcf7_unit_tag\" value=\"wpcf7-f5010-o1\" \/>\n<input type=\"hidden\" name=\"_wpcf7_container_post\" value=\"0\" \/>\n<input type=\"hidden\" name=\"_wpcf7_posted_data_hash\" value=\"\" \/>\n<\/div>\n<p><label> Nombres y apellidos<br \/>\n<span class=\"wpcf7-form-control-wrap\" data-name=\"your-name\"><input size=\"40\" class=\"wpcf7-form-control wpcf7-text wpcf7-validates-as-required\" aria-required=\"true\" aria-invalid=\"false\" value=\"\" type=\"text\" name=\"your-name\" \/><\/span> <\/label>\n<\/p>\n<p><label> Numero de Rut o pasaporte<br \/>\n<span class=\"wpcf7-form-control-wrap\" data-name=\"tu\"><input size=\"40\" class=\"wpcf7-form-control wpcf7-text wpcf7-validates-as-required\" aria-required=\"true\" aria-invalid=\"false\" value=\"\" type=\"text\" name=\"tu\" \/><\/span> <\/label>\n<\/p>\n<p><label> Tu numero de celular o whatsapp<br \/>\n<span class=\"wpcf7-form-control-wrap\" data-name=\"tel-910\"><input size=\"40\" class=\"wpcf7-form-control wpcf7-tel wpcf7-validates-as-required wpcf7-text wpcf7-validates-as-tel\" aria-required=\"true\" aria-invalid=\"false\" value=\"+569\" type=\"tel\" name=\"tel-910\" \/><\/span><\/label>\n<\/p>\n<p><label> Tu correo electr\u00f3nico<br \/>\n<span class=\"wpcf7-form-control-wrap\" data-name=\"your-email\"><input size=\"40\" class=\"wpcf7-form-control wpcf7-email wpcf7-validates-as-required wpcf7-text wpcf7-validates-as-email\" aria-required=\"true\" aria-invalid=\"false\" value=\"\" type=\"email\" name=\"your-email\" \/><\/span> <\/label>\n<\/p>\n<p><label>Fotografia de Rostro<label><br \/>\n<span class=\"wpcf7-form-control-wrap\" data-name=\"FotografiaRostro\"><input size=\"40\" class=\"wpcf7-form-control wpcf7-file fotorostro\" id=\"fotorostro\" accept=\".pdf,.jpg,.jpeg,.gif,.bpm\" aria-invalid=\"false\" type=\"file\" name=\"FotografiaRostro\" \/><\/span><br \/>\n<label> Estudios maximos alcanzados <\/label><br \/>\n<span class=\"wpcf7-form-control-wrap\" data-name=\"Estudios\"><select class=\"wpcf7-form-control wpcf7-select wpcf7-validates-as-required\" aria-required=\"true\" aria-invalid=\"false\" multiple=\"multiple\" name=\"Estudios[]\"><option value=\"Basica (primaria)\">Basica (primaria)<\/option><option value=\"Media (Secundaria)\">Media (Secundaria)<\/option><option value=\"Tecnico\">Tecnico<\/option><option value=\"Universitario\">Universitario<\/option><\/select><\/span><\/label><br \/>\n<label> Profesi\u00f3n o carrera que ofreces <\/label><br \/>\n<span class=\"wpcf7-form-control-wrap\" data-name=\"Profesion\"><select class=\"wpcf7-form-control wpcf7-select wpcf7-validates-as-required\" aria-required=\"true\" aria-invalid=\"false\" multiple=\"multiple\" name=\"Profesion[]\"><option value=\"\">&#8212;Por favor, elige una opci\u00f3n&#8212;<\/option><option value=\"Abogado\">Abogado<\/option><option value=\"Antrop\u00f3logo\">Antrop\u00f3logo<\/option><option value=\"Arquitecto\">Arquitecto<\/option><option value=\"Bibliotec\u00f3logo\">Bibliotec\u00f3logo<\/option><option value=\"Bot\u00e1nico\">Bot\u00e1nico<\/option><option value=\"Contador\">Contador<\/option><option value=\"Dentista\">Dentista<\/option><option value=\"Economista\">Economista<\/option><option value=\"Enfermero\">Enfermero<\/option><option value=\"Electricista\">Electricista<\/option><option value=\"Fil\u00f3sofo\">Fil\u00f3sofo<\/option><option value=\"F\u00edsico\">F\u00edsico<\/option><option value=\"Fonoaudiologo\">Fonoaudiologo<\/option><option value=\"Ge\u00f3grafo\">Ge\u00f3grafo<\/option><option value=\"Ginecologo\">Ginecologo<\/option><option value=\"Historiador\">Historiador<\/option><option value=\"Ingeniero\">Ingeniero<\/option><option value=\"Ingeniero comercial\">Ingeniero comercial<\/option><option value=\"Ingeniero en Sistemas\">Ingeniero en Sistemas<\/option><option value=\"Matem\u00e1tico\">Matem\u00e1tico<\/option><option value=\"Matron\">Matron<\/option><option value=\"M\u00e9dico\">M\u00e9dico<\/option><option value=\"Medicina Alternativas\">Medicina Alternativas<\/option><option value=\"M\u00fasico\">M\u00fasico<\/option><option value=\"Nutricionista\">Nutricionista<\/option><option value=\"Param\u00e9dico\">Param\u00e9dico<\/option><option value=\"Periodista\">Periodista<\/option><option value=\"Psicologo\">Psicologo<\/option><option value=\"Profesor Lenguaje\">Profesor Lenguaje<\/option><option value=\"Profesor Matematicas\">Profesor Matematicas<\/option><option value=\"Secretaria\">Secretaria<\/option><option value=\"Soci\u00f3logo\">Soci\u00f3logo<\/option><option value=\"Terapeuta Ocupacional\">Terapeuta Ocupacional<\/option><option value=\"Traductor\">Traductor<\/option><option value=\"Sin Profesi\u00f3n\">Sin Profesi\u00f3n<\/option><\/select><\/span><br \/>\n<\/label>\n<\/p>\n<p><label>Oficio que ofreces <\/label><br \/>\n<span class=\"wpcf7-form-control-wrap\" data-name=\"Oficios\"><select class=\"wpcf7-form-control wpcf7-select wpcf7-validates-as-required\" aria-required=\"true\" aria-invalid=\"false\" multiple=\"multiple\" name=\"Oficios[]\"><option value=\"\">&#8212;Por favor, elige una opci\u00f3n&#8212;<\/option><option value=\"Sin Oficio\">Sin Oficio<\/option><option value=\"Alba\u00f1il\">Alba\u00f1il<\/option><option value=\"Agricultor\">Agricultor<\/option><option value=\"Cajero\">Cajero<\/option><option value=\"Carnicero\">Carnicero<\/option><option value=\"Animador\">Animador<\/option><option value=\"Carpintero\">Carpintero<\/option><option value=\"Cocinero\">Cocinero<\/option><option value=\"Conserje\">Conserje<\/option><option value=\"Chofer o conductor\">Chofer o conductor<\/option><option value=\"Escultor\">Escultor<\/option><option value=\"Electrico\">Electrico<\/option><option value=\"Gasfiter\">Gasfiter<\/option><option value=\"Guardia de Seguridad\">Guardia de Seguridad<\/option><option value=\"Obrero\">Obrero<\/option><option value=\"Locutor\">Locutor<\/option><option value=\"Panadero\">Panadero<\/option><option value=\"Peluquero o Barbero\">Peluquero o Barbero<\/option><option value=\"Pintor de brocha gorda\">Pintor de brocha gorda<\/option><option value=\"Repartidor\">Repartidor<\/option><option value=\"Soldador\">Soldador<\/option><option value=\"Sonidista\">Sonidista<\/option><option value=\"Tornero\">Tornero<\/option><option value=\"Sastre\">Sastre<\/option><option value=\"Impresor\">Impresor<\/option><option value=\"Terapias Alternativas\">Terapias Alternativas<\/option><option value=\"T\u00e9cnico en turismo\">T\u00e9cnico en turismo<\/option><option value=\"Vendedor\">Vendedor<\/option><\/select><\/span>\n<\/p>\n<p><label>Servicio que ofreces <\/label><br \/>\n<span class=\"wpcf7-form-control-wrap\" data-name=\"Serviciosqueofreces\"><textarea cols=\"40\" rows=\"10\" class=\"wpcf7-form-control wpcf7-textarea Serviciosqueofreces\" id=\"Serviciosqueofreces\" aria-invalid=\"false\" name=\"Serviciosqueofreces\">Serviciosqueofreces<\/textarea><\/span>\n<\/p>\n<p>Modalidad de Atenci\u00f3n<br \/>\n<span class=\"wpcf7-form-control-wrap\" data-name=\"modalidad\"><select class=\"wpcf7-form-control wpcf7-select wpcf7-validates-as-required\" aria-required=\"true\" aria-invalid=\"false\" multiple=\"multiple\" name=\"modalidad[]\"><option value=\"Presencial en Lugar Propio\">Presencial en Lugar Propio<\/option><option value=\"Online (Video LLamada)\">Online (Video LLamada)<\/option><option value=\"A Domicilio\">A Domicilio<\/option><\/select><\/span>\n<\/p>\n<p>Tiempo de Atencion<br \/>\n<span class=\"wpcf7-form-control-wrap\" data-name=\"tiempodeatencion\"><select class=\"wpcf7-form-control wpcf7-select wpcf7-validates-as-required\" aria-required=\"true\" aria-invalid=\"false\" name=\"tiempodeatencion\"><option value=\"20 Minutos\">20 Minutos<\/option><option value=\"30 Minutos\">30 Minutos<\/option><option value=\"40 Minutos\">40 Minutos<\/option><option value=\"50 Minutos\">50 Minutos<\/option><option value=\"1 Hora\">1 Hora<\/option><option value=\"Por Tarea o trabajo\">Por Tarea o trabajo<\/option><\/select><\/span>\n<\/p>\n<p><label>Valor a cobrar por servicio o tarea <\/label><br \/>\n<span class=\"wpcf7-form-control-wrap\" data-name=\"Valoracobrar\"><textarea cols=\"40\" rows=\"10\" class=\"wpcf7-form-control wpcf7-textarea Valoracobrar\" id=\"Valoracobrar\" aria-invalid=\"false\" name=\"Valoracobrar\">Valoracobrar<\/textarea><\/span><br \/>\nA este valor se agregara el 10% por comision de gesti\u00f3n.\n<\/p>\n<p><label> Fototrabajos (requerido)<br \/>\n<span class=\"wpcf7-form-control-wrap\" data-name=\"Fototrabajos\"><input size=\"40\" class=\"wpcf7-form-control wpcf7-file wpcf7-validates-as-required\" accept=\".pdf,.jpg\" aria-required=\"true\" aria-invalid=\"false\" type=\"file\" name=\"Fototrabajos\" \/><\/span> <\/label>\n<\/p>\n<p><span class=\"wpcf7-form-control-wrap\" data-name=\"Estoyenacuerdo1\"><span class=\"wpcf7-form-control wpcf7-acceptance\"><span class=\"wpcf7-list-item\"><label><input type=\"checkbox\" name=\"Estoyenacuerdo1\" value=\"1\" aria-invalid=\"false\" \/><span class=\"wpcf7-list-item-label\">La informaci\u00f3n proporcionada por el suscriptor, en este formulario es ver\u00eddica y entregada de forma voluntaria, autorizo a ADRH SPA a  facilitar est\u00e1  informaci\u00f3n a sus clientes con el \u00fanico fin de obtener un trabajo para el suscriptor. Tambi\u00e9n Autorizo a ADRH SPA a validar la informaci\u00f3n proporcionada por el suscriptor. Estoy en acuerdo<\/span><\/label><\/span><\/span><\/span>\n<\/p>\n<p><span class=\"wpcf7-form-control-wrap\" data-name=\"Estoyenacuerdo2\"><span class=\"wpcf7-form-control wpcf7-acceptance\"><span class=\"wpcf7-list-item\"><label><input type=\"checkbox\" name=\"Estoyenacuerdo2\" value=\"1\" aria-invalid=\"false\" \/><span class=\"wpcf7-list-item-label\">El prestador de servicio sera responsable de la entrega de la respectiva boleta de servicio o factura si corresponde, liberando a Administradora de recursos humanos de cualquier responsabilidad tributaria de los servicio prestados<\/span><\/label><\/span><\/span><\/span>\n<\/p>\n<p><input class=\"wpcf7-form-control wpcf7-submit has-spinner\" type=\"submit\" value=\"Enviar\" \/>\n<\/p><div class=\"wpcf7-response-output\" aria-hidden=\"true\"><\/div>\n<\/form>\n<\/div>\n<\/div>\n\t\t\t\t<\/div>\n\t\t\t\t<\/div>\n\t\t\t\t\t<\/div>\n\t\t\t\t<\/div>\n\t\t<div class=\"elementor-element elementor-element-5f1fe96 e-flex e-con-boxed e-con e-parent\" data-id=\"5f1fe96\" data-element_type=\"container\" data-core-v316-plus=\"true\">\n\t\t\t\t\t<div class=\"e-con-inner\">\n\t\t\t\t<div class=\"elementor-element elementor-element-550fd91 elementor-widget elementor-widget-text-editor\" data-id=\"550fd91\" data-element_type=\"widget\" data-widget_type=\"text-editor.default\">\n\t\t\t\t<div class=\"elementor-widget-container\">\n\t\t\t<style>\/*! elementor - v3.20.0 - 26-03-2024 *\/\n.elementor-widget-text-editor.elementor-drop-cap-view-stacked .elementor-drop-cap{background-color:#69727d;color:#fff}.elementor-widget-text-editor.elementor-drop-cap-view-framed .elementor-drop-cap{color:#69727d;border:3px solid;background-color:transparent}.elementor-widget-text-editor:not(.elementor-drop-cap-view-default) .elementor-drop-cap{margin-top:8px}.elementor-widget-text-editor:not(.elementor-drop-cap-view-default) .elementor-drop-cap-letter{width:1em;height:1em}.elementor-widget-text-editor .elementor-drop-cap{float:left;text-align:center;line-height:1;font-size:50px}.elementor-widget-text-editor .elementor-drop-cap-letter{display:inline-block}<\/style>\t\t\t\t<p>Agradecemos tu preferencia, si tienes dudas escribenos a nuestro whatsapp +569 4909 8245<\/p>\t\t\t\t\t\t<\/div>\n\t\t\t\t<\/div>\n\t\t\t\t\t<\/div>\n\t\t\t\t<\/div>\n\t\t\t\t<\/div>\n\t\t","protected":false},"excerpt":{"rendered":"<p>Agradecemos tu preferencia, si tienes dudas escribenos a nuestro whatsapp +569 4909 8245<\/p>\n","protected":false},"author":1,"featured_media":5668,"parent":0,"menu_order":0,"comment_status":"closed","ping_status":"closed","template":"","meta":{"footnotes":""},"class_list":["post-5011","page","type-page","status-publish","has-post-thumbnail","hentry"],"_links":{"self":[{"href":"https:\/\/www.tehagolapega.cl\/web\/wp-json\/wp\/v2\/pages\/5011","targetHints":{"allow":["GET"]}}],"collection":[{"href":"https:\/\/www.tehagolapega.cl\/web\/wp-json\/wp\/v2\/pages"}],"about":[{"href":"https:\/\/www.tehagolapega.cl\/web\/wp-json\/wp\/v2\/types\/page"}],"author":[{"embeddable":true,"href":"https:\/\/www.tehagolapega.cl\/web\/wp-json\/wp\/v2\/users\/1"}],"replies":[{"embeddable":true,"href":"https:\/\/www.tehagolapega.cl\/web\/wp-json\/wp\/v2\/comments?post=5011"}],"version-history":[{"count":13,"href":"https:\/\/www.tehagolapega.cl\/web\/wp-json\/wp\/v2\/pages\/5011\/revisions"}],"predecessor-version":[{"id":6590,"href":"https:\/\/www.tehagolapega.cl\/web\/wp-json\/wp\/v2\/pages\/5011\/revisions\/6590"}],"wp:featuredmedia":[{"embeddable":true,"href":"https:\/\/www.tehagolapega.cl\/web\/wp-json\/wp\/v2\/media\/5668"}],"wp:attachment":[{"href":"https:\/\/www.tehagolapega.cl\/web\/wp-json\/wp\/v2\/media?parent=5011"}],"curies":[{"name":"wp","href":"https:\/\/api.w.org\/{rel}","templated":true}]}}